{"id":7,"date":"2025-02-05T10:04:46","date_gmt":"2025-02-05T09:04:46","guid":{"rendered":"https:\/\/www.rechtsanwaeltin-annekaemmerer.de\/?page_id=7"},"modified":"2025-03-26T12:24:22","modified_gmt":"2025-03-26T11:24:22","slug":"startseite","status":"publish","type":"page","link":"https:\/\/www.rechtsanwaeltin-annekaemmerer.de\/","title":{"rendered":"Startseite"},"content":{"rendered":"\t\t<div data-elementor-type=\"wp-page\" data-elementor-id=\"7\" class=\"elementor elementor-7\" data-elementor-post-type=\"page\">\n\t\t\t\t<div class=\"elementor-element elementor-element-undefined-948e9f8 e-flex e-con-boxed e-con e-parent\" data-id=\"undefined-948e9f8\" data-element_type=\"container\" data-e-type=\"container\">\n\t\t\t\t\t<div class=\"e-con-inner\">\n\t\t<div class=\"elementor-element elementor-element-undefined-45223d8 e-con-full e-flex e-con e-child\" data-id=\"undefined-45223d8\" data-element_type=\"container\" data-e-type=\"container\">\n\t\t\t\t<div class=\"elementor-element elementor-element-undefined-fd2452f elementor-widget-mobile__width-initial elementor-widget elementor-widget-image\" data-id=\"undefined-fd2452f\" data-element_type=\"widget\" data-e-type=\"widget\" data-widget_type=\"image.default\">\n\t\t\t\t<div class=\"elementor-widget-container\">\n\t\t\t\t\t\t\t\t\t\t\t\t\t\t\t<img fetchpriority=\"high\" decoding=\"async\" width=\"800\" height=\"534\" src=\"https:\/\/www.rechtsanwaeltin-annekaemmerer.de\/wp-content\/uploads\/2025\/02\/Rechtsanwaeltin-Leipzig-Anne-Kaemmerer-Titelbild-1024x683.jpeg\" class=\"attachment-large size-large wp-image-78\" alt=\"\" srcset=\"https:\/\/www.rechtsanwaeltin-annekaemmerer.de\/wp-content\/uploads\/2025\/02\/Rechtsanwaeltin-Leipzig-Anne-Kaemmerer-Titelbild-1024x683.jpeg 1024w, https:\/\/www.rechtsanwaeltin-annekaemmerer.de\/wp-content\/uploads\/2025\/02\/Rechtsanwaeltin-Leipzig-Anne-Kaemmerer-Titelbild-300x200.jpeg 300w, https:\/\/www.rechtsanwaeltin-annekaemmerer.de\/wp-content\/uploads\/2025\/02\/Rechtsanwaeltin-Leipzig-Anne-Kaemmerer-Titelbild-768x512.jpeg 768w, https:\/\/www.rechtsanwaeltin-annekaemmerer.de\/wp-content\/uploads\/2025\/02\/Rechtsanwaeltin-Leipzig-Anne-Kaemmerer-Titelbild-1536x1025.jpeg 1536w, https:\/\/www.rechtsanwaeltin-annekaemmerer.de\/wp-content\/uploads\/2025\/02\/Rechtsanwaeltin-Leipzig-Anne-Kaemmerer-Titelbild.jpeg 2000w\" sizes=\"(max-width: 800px) 100vw, 800px\" \/>\t\t\t\t\t\t\t\t\t\t\t\t\t\t\t<\/div>\n\t\t\t\t<\/div>\n\t\t\t\t<\/div>\n\t\t<div class=\"elementor-element elementor-element-undefined-1e82564 e-con-full e-flex e-con e-child\" data-id=\"undefined-1e82564\" data-element_type=\"container\" data-e-type=\"container\">\n\t\t\t\t<div class=\"elementor-element elementor-element-a325e9e elementor-widget elementor-widget-heading\" data-id=\"a325e9e\" data-element_type=\"widget\" data-e-type=\"widget\" data-widget_type=\"heading.default\">\n\t\t\t\t<div class=\"elementor-widget-container\">\n\t\t\t\t\t<span class=\"elementor-heading-title elementor-size-default\">Rechtsanw\u00e4ltin f\u00fcr Migrationsrecht &amp; Strafrecht<\/span>\t\t\t\t<\/div>\n\t\t\t\t<\/div>\n\t\t\t\t<div class=\"elementor-element elementor-element-undefined-ae43509 elementor-widget elementor-widget-heading\" data-id=\"undefined-ae43509\" data-element_type=\"widget\" data-e-type=\"widget\" data-widget_type=\"heading.default\">\n\t\t\t\t<div class=\"elementor-widget-container\">\n\t\t\t\t\t<h1 class=\"elementor-heading-title elementor-size-default\">Anne K\u00e4mmerer<\/h1>\t\t\t\t<\/div>\n\t\t\t\t<\/div>\n\t\t\t\t<div class=\"elementor-element elementor-element-undefined-e52eb8a elementor-widget elementor-widget-text-editor\" data-id=\"undefined-e52eb8a\" data-element_type=\"widget\" data-e-type=\"widget\" data-widget_type=\"text-editor.default\">\n\t\t\t\t<div class=\"elementor-widget-container\">\n\t\t\t\t\t\t\t\t\t<p>Vereinbaren Sie einen <a href=\"https:\/\/www.rechtsanwaeltin-annekaemmerer.de\/index.php\/kontakt\/\">Beratungstermin<\/a>.\u00a0<\/p>\t\t\t\t\t\t\t\t<\/div>\n\t\t\t\t<\/div>\n\t\t\t\t<\/div>\n\t\t\t\t\t<\/div>\n\t\t\t\t<\/div>\n\t\t\t\t<\/div>\n\t\t","protected":false},"excerpt":{"rendered":"<p>Rechtsanw\u00e4ltin f\u00fcr Migrationsrecht &#038; Strafrecht Anne K\u00e4mmerer Vereinbaren Sie einen Beratungstermin.\u00a0<\/p>\n","protected":false},"author":1,"featured_media":0,"parent":0,"menu_order":0,"comment_status":"closed","ping_status":"closed","template":"","meta":{"footnotes":""},"class_list":["post-7","page","type-page","status-publish","hentry"],"_links":{"self":[{"href":"https:\/\/www.rechtsanwaeltin-annekaemmerer.de\/index.php\/wp-json\/wp\/v2\/pages\/7","targetHints":{"allow":["GET"]}}],"collection":[{"href":"https:\/\/www.rechtsanwaeltin-annekaemmerer.de\/index.php\/wp-json\/wp\/v2\/pages"}],"about":[{"href":"https:\/\/www.rechtsanwaeltin-annekaemmerer.de\/index.php\/wp-json\/wp\/v2\/types\/page"}],"author":[{"embeddable":true,"href":"https:\/\/www.rechtsanwaeltin-annekaemmerer.de\/index.php\/wp-json\/wp\/v2\/users\/1"}],"replies":[{"embeddable":true,"href":"https:\/\/www.rechtsanwaeltin-annekaemmerer.de\/index.php\/wp-json\/wp\/v2\/comments?post=7"}],"version-history":[{"count":22,"href":"https:\/\/www.rechtsanwaeltin-annekaemmerer.de\/index.php\/wp-json\/wp\/v2\/pages\/7\/revisions"}],"predecessor-version":[{"id":96,"href":"https:\/\/www.rechtsanwaeltin-annekaemmerer.de\/index.php\/wp-json\/wp\/v2\/pages\/7\/revisions\/96"}],"wp:attachment":[{"href":"https:\/\/www.rechtsanwaeltin-annekaemmerer.de\/index.php\/wp-json\/wp\/v2\/media?parent=7"}],"curies":[{"name":"wp","href":"https:\/\/api.w.org\/{rel}","templated":true}]}}