{"id":21,"date":"2025-02-05T10:08:49","date_gmt":"2025-02-05T09:08:49","guid":{"rendered":"https:\/\/www.rechtsanwaeltin-annekaemmerer.de\/?page_id=21"},"modified":"2025-03-27T14:52:02","modified_gmt":"2025-03-27T13:52:02","slug":"kontakt","status":"publish","type":"page","link":"https:\/\/www.rechtsanwaeltin-annekaemmerer.de\/index.php\/kontakt\/","title":{"rendered":"Kontakt"},"content":{"rendered":"\t\t<div data-elementor-type=\"wp-page\" data-elementor-id=\"21\" class=\"elementor elementor-21\" data-elementor-post-type=\"page\">\n\t\t\t\t<div class=\"elementor-element elementor-element-3ae74437 e-flex e-con-boxed e-con e-parent\" data-id=\"3ae74437\" data-element_type=\"container\" data-e-type=\"container\" data-settings=\"{&quot;background_background&quot;:&quot;gradient&quot;}\">\n\t\t\t\t\t<div class=\"e-con-inner\">\n\t\t<div class=\"elementor-element elementor-element-59e49804 e-con-full e-flex e-con e-child\" data-id=\"59e49804\" data-element_type=\"container\" data-e-type=\"container\">\n\t\t\t\t<div class=\"elementor-element elementor-element-1e2c546b elementor-widget elementor-widget-icon-box\" data-id=\"1e2c546b\" data-element_type=\"widget\" data-e-type=\"widget\" data-widget_type=\"icon-box.default\">\n\t\t\t\t<div class=\"elementor-widget-container\">\n\t\t\t\t\t\t\t<div class=\"elementor-icon-box-wrapper\">\n\n\t\t\t\n\t\t\t\t\t\t<div class=\"elementor-icon-box-content\">\n\n\t\t\t\t\n\t\t\t\t\t\t\t\t\t<p class=\"elementor-icon-box-description\">\n\t\t\t\t\t\tKontakt\t\t\t\t\t<\/p>\n\t\t\t\t\n\t\t\t<\/div>\n\t\t\t\n\t\t<\/div>\n\t\t\t\t\t\t<\/div>\n\t\t\t\t<\/div>\n\t\t\t\t<div class=\"elementor-element elementor-element-23091c6f elementor-invisible elementor-widget elementor-widget-testimonial\" data-id=\"23091c6f\" data-element_type=\"widget\" data-e-type=\"widget\" data-settings=\"{&quot;_animation&quot;:&quot;fadeInLeft&quot;}\" data-widget_type=\"testimonial.default\">\n\t\t\t\t<div class=\"elementor-widget-container\">\n\t\t\t\t\t\t\t<div class=\"elementor-testimonial-wrapper\">\n\t\t\t\t\t\t\t<div class=\"elementor-testimonial-content\">Ich berate und vertrete Sie in rechtlichen Fragen im Migrations- und Strafrecht.<\/div>\n\t\t\t\n\t\t\t\t\t<\/div>\n\t\t\t\t\t\t<\/div>\n\t\t\t\t<\/div>\n\t\t\t\t<\/div>\n\t\t<div class=\"elementor-element elementor-element-8a3c1cf e-con-full e-flex e-con e-child\" data-id=\"8a3c1cf\" data-element_type=\"container\" data-e-type=\"container\">\n\t\t\t\t<div class=\"elementor-element elementor-element-5c1e619f elementor-widget elementor-widget-text-editor\" data-id=\"5c1e619f\" data-element_type=\"widget\" data-e-type=\"widget\" data-widget_type=\"text-editor.default\">\n\t\t\t\t<div class=\"elementor-widget-container\">\n\t\t\t\t\t\t\t\t\t<p><b>Kontaktformular:<\/b><\/p><div class='fluentform ff-inherit-theme-style fluentform_wrapper_3'><form data-form_id=\"3\" id=\"fluentform_3\" class=\"frm-fluent-form fluent_form_3 ff-el-form-top ff_form_instance_3_1 ff-form-loading ffs_inherit_theme\" data-form_instance=\"ff_form_instance_3_1\" method=\"POST\" ><fieldset  style=\"border: none!important;margin: 0!important;padding: 0!important;background-color: transparent!important;box-shadow: none!important;outline: none!important; min-inline-size: 100%;\">\n                    <legend class=\"ff_screen_reader_title\" style=\"display: block; margin: 0!important;padding: 0!important;height: 0!important;text-indent: -999999px;width: 0!important;overflow:hidden;\">Kontaktformular<\/legend><p style=\"display: none !important;\" class=\"akismet-fields-container\" data-prefix=\"ak_\"><label>&#916;<textarea name=\"ak_hp_textarea\" cols=\"45\" rows=\"8\" maxlength=\"100\"><\/textarea><\/label><input type=\"hidden\" id=\"ak_js_1\" name=\"ak_js\" value=\"190\"\/><script>\ndocument.getElementById( \"ak_js_1\" ).setAttribute( \"value\", ( new Date() ).getTime() );\n<\/script>\n<\/p><input type='hidden' name='__fluent_form_embded_post_id' value='21' \/><input type=\"hidden\" id=\"_fluentform_3_fluentformnonce\" name=\"_fluentform_3_fluentformnonce\" value=\"d9039b3f05\" \/><input type=\"hidden\" name=\"_wp_http_referer\" value=\"\/index.php\/wp-json\/wp\/v2\/pages\/21\" \/><div data-type=\"name-element\" data-name=\"names\" class=\" ff-field_container ff-name-field-wrapper\" ><div class='ff-t-container'><div class='ff-t-cell '><div class='ff-el-group'><div class=\"ff-el-input--label asterisk-right\"><label for='ff_3_names_first_name_' id='label_ff_3_names_first_name_' >Vorname<\/label><\/div><div class='ff-el-input--content'><input type=\"text\" name=\"names[first_name]\" id=\"ff_3_names_first_name_\" class=\"ff-el-form-control\" placeholder=\"Vorname\" aria-invalid=\"false\" aria-required=false><\/div><\/div><\/div><div class='ff-t-cell '><div class='ff-el-group'><div class=\"ff-el-input--label asterisk-right\"><label for='ff_3_names_last_name_' id='label_ff_3_names_last_name_' >Nachname<\/label><\/div><div class='ff-el-input--content'><input type=\"text\" name=\"names[last_name]\" id=\"ff_3_names_last_name_\" class=\"ff-el-form-control\" placeholder=\"Nachname\" aria-invalid=\"false\" aria-required=false><\/div><\/div><\/div><\/div><\/div><div class='ff-el-group'><div class=\"ff-el-input--label ff-el-is-required asterisk-right\"><label for='ff_3_email' id='label_ff_3_email' aria-label=\"Email\">Email<\/label><\/div><div class='ff-el-input--content'><input type=\"email\" name=\"email\" id=\"ff_3_email\" class=\"ff-el-form-control\" placeholder=\"Email Adresse\" data-name=\"email\"  aria-invalid=\"false\" aria-required=true><\/div><\/div><div class='ff-el-group'><div class=\"ff-el-input--label ff-el-is-required asterisk-right\"><label for='ff_3_message' id='label_ff_3_message' aria-label=\"Ihre Nachricht\">Ihre Nachricht<\/label><\/div><div class='ff-el-input--content'><textarea aria-required=\"true\" aria-labelledby=\"label_ff_3_message\" name=\"message\" id=\"ff_3_message\" class=\"ff-el-form-control\" placeholder=\"Ihre Nachricht\" rows=\"5\" cols=\"2\" data-name=\"message\" ><\/textarea><\/div><\/div><div class='ff-el-group ff-text-left ff_submit_btn_wrapper'><button type=\"submit\" class=\"ff-btn ff-btn-submit ff-btn-md ff_btn_no_style wpf_has_custom_css\"  aria-label=\"Absenden\">Absenden<\/button><\/div><\/fieldset><\/form><div id='fluentform_3_errors' class='ff-errors-in-stack ff_form_instance_3_1 ff-form-loading_errors ff_form_instance_3_1_errors'><\/div><\/div>            <script type=\"text\/javascript\">\n                window.fluent_form_ff_form_instance_3_1 = {\"id\":\"3\",\"ajaxUrl\":\"https:\\\/\\\/www.rechtsanwaeltin-annekaemmerer.de\\\/wp-admin\\\/admin-ajax.php\",\"settings\":{\"layout\":{\"labelPlacement\":\"top\",\"asteriskPlacement\":\"asterisk-right\",\"helpMessagePlacement\":\"with_label\",\"errorMessagePlacement\":\"inline\",\"cssClassName\":\"\"},\"restrictions\":{\"denyEmptySubmission\":{\"enabled\":false}}},\"form_instance\":\"ff_form_instance_3_1\",\"form_id_selector\":\"fluentform_3\",\"rules\":{\"names[first_name]\":{\"required\":{\"value\":false,\"message\":\"Dieses Feld ist erforderlich\",\"global\":true,\"global_message\":\"Dieses Feld ist erforderlich\"}},\"names[middle_name]\":{\"required\":{\"value\":false,\"message\":\"Dieses Feld ist erforderlich\",\"global\":true,\"global_message\":\"Dieses Feld ist erforderlich\"}},\"names[last_name]\":{\"required\":{\"value\":false,\"message\":\"Dieses Feld ist erforderlich\",\"global\":true,\"global_message\":\"Dieses Feld ist erforderlich\"}},\"email\":{\"required\":{\"value\":true,\"message\":\"Dieses Feld ist erforderlich\",\"global\":true,\"global_message\":\"Dieses Feld ist erforderlich\"},\"email\":{\"value\":true,\"message\":\"Dieses Feld muss eine g\\u00fcltige E-Mail-Adresse enthalten\",\"global\":true,\"global_message\":\"Dieses Feld muss eine g\\u00fcltige E-Mail-Adresse enthalten\"}},\"message\":{\"required\":{\"value\":true,\"message\":\"Dieses Feld ist erforderlich\",\"global\":true,\"global_message\":\"Dieses Feld ist erforderlich\"}}},\"debounce_time\":300};\n                            <\/script>\n            <p>\u00d6ffnungszeiten: Montag bis Freitag nach Vereinbarung<\/p><p>Telefon: 0341 5933951<br \/>Mail: <span style=\"color: #467886;\"><u><a href=\"mailto:rain@anne-kaemmerer.de\" target=\"_top\">rain@anne-kaemmerer.de<\/a><br \/><\/u><\/span><\/p><p><b>Adresse:<br \/><\/b>Lumumbastra\u00dfe 9<br \/>04105 Leipzig<\/p><p>\u00a0<\/p>\t\t\t\t\t\t\t\t<\/div>\n\t\t\t\t<\/div>\n\t\t\t\t<div class=\"elementor-element elementor-element-c56accd elementor-widget elementor-widget-n-accordion\" data-id=\"c56accd\" data-element_type=\"widget\" data-e-type=\"widget\" data-settings=\"{&quot;default_state&quot;:&quot;expanded&quot;,&quot;max_items_expended&quot;:&quot;one&quot;,&quot;n_accordion_animation_duration&quot;:{&quot;unit&quot;:&quot;ms&quot;,&quot;size&quot;:400,&quot;sizes&quot;:[]}}\" data-widget_type=\"nested-accordion.default\">\n\t\t\t\t<div class=\"elementor-widget-container\">\n\t\t\t\t\t\t\t<div class=\"e-n-accordion\" aria-label=\"Accordion. Open links with Enter or Space, close with Escape, and navigate with Arrow Keys\">\n\t\t\t\t\t\t<details id=\"e-n-accordion-item-2070\" class=\"e-n-accordion-item\" open>\n\t\t\t\t<summary class=\"e-n-accordion-item-title\" data-accordion-index=\"1\" tabindex=\"0\" aria-expanded=\"true\" aria-controls=\"e-n-accordion-item-2070\" >\n\t\t\t\t\t<span class='e-n-accordion-item-title-header'><div class=\"e-n-accordion-item-title-text\"> PGP Public Key <\/div><\/span>\n\t\t\t\t\t\t\t<span class='e-n-accordion-item-title-icon'>\n\t\t\t<span class='e-opened' ><svg aria-hidden=\"true\" class=\"e-font-icon-svg e-fas-minus\" viewBox=\"0 0 448 512\" xmlns=\"http:\/\/www.w3.org\/2000\/svg\"><path d=\"M416 208H32c-17.67 0-32 14.33-32 32v32c0 17.67 14.33 32 32 32h384c17.67 0 32-14.33 32-32v-32c0-17.67-14.33-32-32-32z\"><\/path><\/svg><\/span>\n\t\t\t<span class='e-closed'><svg aria-hidden=\"true\" class=\"e-font-icon-svg e-fas-plus\" viewBox=\"0 0 448 512\" xmlns=\"http:\/\/www.w3.org\/2000\/svg\"><path d=\"M416 208H272V64c0-17.67-14.33-32-32-32h-32c-17.67 0-32 14.33-32 32v144H32c-17.67 0-32 14.33-32 32v32c0 17.67 14.33 32 32 32h144v144c0 17.67 14.33 32 32 32h32c17.67 0 32-14.33 32-32V304h144c17.67 0 32-14.33 32-32v-32c0-17.67-14.33-32-32-32z\"><\/path><\/svg><\/span>\n\t\t<\/span>\n\n\t\t\t\t\t\t<\/summary>\n\t\t\t\t<div role=\"region\" aria-labelledby=\"e-n-accordion-item-2070\" class=\"elementor-element elementor-element-a9e4fac e-con-full e-flex e-con e-child\" data-id=\"a9e4fac\" data-element_type=\"container\" data-e-type=\"container\">\n\t\t<div role=\"region\" aria-labelledby=\"e-n-accordion-item-2070\" class=\"elementor-element elementor-element-adf3163 e-flex e-con-boxed e-con e-child\" data-id=\"adf3163\" data-element_type=\"container\" data-e-type=\"container\">\n\t\t\t\t\t<div class=\"e-con-inner\">\n\t\t\t\t<div class=\"elementor-element elementor-element-f46d3f2 elementor-widget elementor-widget-text-editor\" data-id=\"f46d3f2\" data-element_type=\"widget\" data-e-type=\"widget\" data-widget_type=\"text-editor.default\">\n\t\t\t\t<div class=\"elementor-widget-container\">\n\t\t\t\t\t\t\t\t\t<p><span style=\"color: #ff0000;\">PGP \u00f6ffentlich <\/span><\/p><p><span style=\"color: #ff0000;\">&#8212;&#8211;BEGIN PGP PUBLIC KEY BLOCK&#8212;&#8211; <\/span><\/p><p><span style=\"color: #ff0000;\">Comment: Benutzer-ID: &lt;mail@rechtsanwaeltin-annekaemmerer.de&gt; <\/span><\/p><p><span style=\"color: #ff0000;\">Comment: alias: &lt;rain@anne-kaemmerer.de&gt; <\/span><\/p><p><span style=\"color: #ff0000;\">Comment: G\u00fcltig seit: 27.03.2025 06:56 <\/span><\/p><p><span style=\"color: #ff0000;\">Comment: G\u00fcltig bis: 27.03.2028 12:00 <\/span><\/p><p><span style=\"color: #ff0000;\">Comment: Typ: 255-bit EdDSA (geheimer Schl\u00fcssel verf\u00fcgbar) <\/span><\/p><p><span style=\"color: #ff0000;\">Comment: Verwendung: Signieren, Verschl\u00fcsselung, Benutzerkennungen beglaubigen <\/span><\/p><p><span style=\"color: #ff0000;\">Comment: Fingerabdruck: 9F1E12C4D6165291C144EF01E8BBF95CE69857F0 <\/span><\/p><p><span style=\"color: #ff0000;\">mDMEZ+TohhYJKwYBBAHaRw8BAQdAj0ypShnJDPn7wBcw1PngRRxnGnzoH9mC0aXq <\/span><\/p><p><span style=\"color: #ff0000;\">Qi0ltGS0FnJhaW5AYW5uZS1rYWVtbWVyZXIuZGWImQQTFgoAQRYhBJ8eEsTWFlKR <\/span><\/p><p><span style=\"color: #ff0000;\">wUTvAei7+VzmmFfwBQJn5OiGAhsDBQkFpSUaBQsJCAcCAiICBhUKCQgLAgQWAgMB <\/span><\/p><p><span style=\"color: #ff0000;\">Ah4HAheAAAoJEOi7+VzmmFfwLqoA\/2lrwbLAcfBNb8jr3+fB+1u3Ztq7oqHvXljB <\/span><\/p><p><span style=\"color: #ff0000;\">tjdlmGEyAQDPESP6GaQXdnRL5y4nk3Nn4IEPW\/Vx1NrmuY9\/OzVyBLQlbWFpbEBy <\/span><\/p><p><span style=\"color: #ff0000;\">ZWNodHNhbndhZWx0aW4tYW5uZWthZW1tZXJlci5kZYiZBBMWCgBBFiEEnx4SxNYW <\/span><\/p><p><span style=\"color: #ff0000;\">UpHBRO8B6Lv5XOaYV\/AFAmfk6MACGwMFCQWlJRoFCwkIBwICIgIGFQoJCAsCBBYC <\/span><\/p><p><span style=\"color: #ff0000;\">AwECHgcCF4AACgkQ6Lv5XOaYV\/Di+wEA1o4GPFBFu8clZfpfmlOPeCur0mSyYqaN <\/span><\/p><p><span style=\"color: #ff0000;\">pMOtwxfokHYA\/jBmdC8s9\/G32eI8vT8lv9zEAbXOGrnHu43XR+v0CsMEuDgEZ+To <\/span><\/p><p><span style=\"color: #ff0000;\">hhIKKwYBBAGXVQEFAQEHQMn1YErL0wDW98ivgiIygUQph5SCHi4qtERKEq7GQFkt <\/span><\/p><p><span style=\"color: #ff0000;\">AwEIB4h+BBgWCgAmFiEEnx4SxNYWUpHBRO8B6Lv5XOaYV\/AFAmfk6IYCGwwFCQWl <\/span><\/p><p><span style=\"color: #ff0000;\">JRoACgkQ6Lv5XOaYV\/AdwQEAxTQjXfE9BKokVTu5R021qZ39qjoGkayx0HcVVFtW <\/span><\/p><p><span style=\"color: #ff0000;\">N7oBALqB+2F1dftMnypocwVE9hoTfYpp+JdZ+5iv96pv18gN <\/span><\/p><p><span style=\"color: #ff0000;\">=LTAJ <\/span><\/p><p><span style=\"color: #ff0000;\">&#8212;&#8211;END PGP PUBLIC KEY BLOCK&#8212;&#8211;<\/span><\/p><p><br \/><br \/><\/p>\t\t\t\t\t\t\t\t<\/div>\n\t\t\t\t<\/div>\n\t\t\t\t\t<\/div>\n\t\t\t\t<\/div>\n\t\t\t\t<\/div>\n\t\t\t\t\t<\/details>\n\t\t\t\t\t<\/div>\n\t\t\t\t\t\t<\/div>\n\t\t\t\t<\/div>\n\t\t\t\t<div class=\"elementor-element elementor-element-ecde434 elementor-widget elementor-widget-text-editor\" data-id=\"ecde434\" data-element_type=\"widget\" data-e-type=\"widget\" data-widget_type=\"text-editor.default\">\n\t\t\t\t<div class=\"elementor-widget-container\">\n\t\t\t\t\t\t\t\t\t<p><b>Anfahrt:\u00a0<br \/><\/b><span style=\"color: var( --e-global-color-text ); font-family: var( --e-global-typography-text-font-family ), Sans-serif; font-weight: var( --e-global-typography-text-font-weight ); text-align: var(--text-align); font-size: 1rem;\">Die Kanzlei befindet sich im Leipziger Stadtteil Zentrum Nord. Die n\u00e4chste Haltestelle \u201eNordplatz\u201c (Stra\u00dfenbahnlinie 12) ist 200m entfernt. Der Leipziger Hauptbahnhof sowie das Stadtzentrum sind ebenfalls fu\u00dfl\u00e4ufig erreichbar (1,3km).<\/span><\/p><p>Die Kanzlei befindet sich im Erdgeschoss, dennoch sind im Haus einige Treppen zu \u00fcberwinden. Sollte dies ein Hindernis f\u00fcr Sie darstellen, melden Sie sich bitte bei mir.<\/p><p><b>Bitte kommen Sie zu den Beratungen in Begleitung einer dolmetschenden Person.<\/b><\/p>\t\t\t\t\t\t\t\t<\/div>\n\t\t\t\t<\/div>\n\t\t\t\t<\/div>\n\t\t\t\t\t<\/div>\n\t\t\t\t<\/div>\n\t\t\t\t<\/div>\n\t\t","protected":false},"excerpt":{"rendered":"<p>Kontakt Ich berate und vertrete Sie in rechtlichen Fragen im Migrations- und Strafrecht. Kontaktformular: \u00d6ffnungszeiten: Montag bis Freitag nach Vereinbarung Telefon: 0341 5933951Mail: rain@anne-kaemmerer.de Adresse:Lumumbastra\u00dfe 904105 Leipzig \u00a0 PGP Public Key PGP \u00f6ffentlich &#8212;&#8211;BEGIN PGP PUBLIC KEY BLOCK&#8212;&#8211; Comment: Benutzer-ID: &lt;mail@rechtsanwaeltin-annekaemmerer.de&gt; Comment: alias: &lt;rain@anne-kaemmerer.de&gt; Comment: G\u00fcltig seit: 27.03.2025 06:56 Comment: G\u00fcltig bis: 27.03.2028 12:00 Comment: [&hellip;]<\/p>\n","protected":false},"author":1,"featured_media":0,"parent":0,"menu_order":0,"comment_status":"closed","ping_status":"closed","template":"","meta":{"footnotes":""},"class_list":["post-21","page","type-page","status-publish","hentry"],"_links":{"self":[{"href":"https:\/\/www.rechtsanwaeltin-annekaemmerer.de\/index.php\/wp-json\/wp\/v2\/pages\/21","targetHints":{"allow":["GET"]}}],"collection":[{"href":"https:\/\/www.rechtsanwaeltin-annekaemmerer.de\/index.php\/wp-json\/wp\/v2\/pages"}],"about":[{"href":"https:\/\/www.rechtsanwaeltin-annekaemmerer.de\/index.php\/wp-json\/wp\/v2\/types\/page"}],"author":[{"embeddable":true,"href":"https:\/\/www.rechtsanwaeltin-annekaemmerer.de\/index.php\/wp-json\/wp\/v2\/users\/1"}],"replies":[{"embeddable":true,"href":"https:\/\/www.rechtsanwaeltin-annekaemmerer.de\/index.php\/wp-json\/wp\/v2\/comments?post=21"}],"version-history":[{"count":10,"href":"https:\/\/www.rechtsanwaeltin-annekaemmerer.de\/index.php\/wp-json\/wp\/v2\/pages\/21\/revisions"}],"predecessor-version":[{"id":163,"href":"https:\/\/www.rechtsanwaeltin-annekaemmerer.de\/index.php\/wp-json\/wp\/v2\/pages\/21\/revisions\/163"}],"wp:attachment":[{"href":"https:\/\/www.rechtsanwaeltin-annekaemmerer.de\/index.php\/wp-json\/wp\/v2\/media?parent=21"}],"curies":[{"name":"wp","href":"https:\/\/api.w.org\/{rel}","templated":true}]}}