{"id":15,"date":"2025-02-05T10:08:10","date_gmt":"2025-02-05T09:08:10","guid":{"rendered":"https:\/\/www.rechtsanwaeltin-annekaemmerer.de\/?page_id=15"},"modified":"2025-10-22T18:59:37","modified_gmt":"2025-10-22T16:59:37","slug":"leistungen","status":"publish","type":"page","link":"https:\/\/www.rechtsanwaeltin-annekaemmerer.de\/index.php\/leistungen\/","title":{"rendered":"Leistungen"},"content":{"rendered":"\t\t<div data-elementor-type=\"wp-page\" data-elementor-id=\"15\" class=\"elementor elementor-15\" data-elementor-post-type=\"page\">\n\t\t\t\t<div class=\"elementor-element elementor-element-6dfaeb20 e-flex e-con-boxed e-con e-parent\" data-id=\"6dfaeb20\" data-element_type=\"container\" data-e-type=\"container\" data-settings=\"{&quot;background_background&quot;:&quot;gradient&quot;}\">\n\t\t\t\t\t<div class=\"e-con-inner\">\n\t\t<div class=\"elementor-element elementor-element-1eb270f0 e-con-full e-flex e-con e-child\" data-id=\"1eb270f0\" data-element_type=\"container\" data-e-type=\"container\">\n\t\t\t\t<div class=\"elementor-element elementor-element-40a31e8f elementor-widget elementor-widget-icon-box\" data-id=\"40a31e8f\" data-element_type=\"widget\" data-e-type=\"widget\" data-widget_type=\"icon-box.default\">\n\t\t\t\t<div class=\"elementor-widget-container\">\n\t\t\t\t\t\t\t<div class=\"elementor-icon-box-wrapper\">\n\n\t\t\t\n\t\t\t\t\t\t<div class=\"elementor-icon-box-content\">\n\n\t\t\t\t\n\t\t\t\t\t\t\t\t\t<p class=\"elementor-icon-box-description\">\n\t\t\t\t\t\tLeistungen\t\t\t\t\t<\/p>\n\t\t\t\t\n\t\t\t<\/div>\n\t\t\t\n\t\t<\/div>\n\t\t\t\t\t\t<\/div>\n\t\t\t\t<\/div>\n\t\t\t\t<div class=\"elementor-element elementor-element-613af957 elementor-invisible elementor-widget elementor-widget-testimonial\" data-id=\"613af957\" data-element_type=\"widget\" data-e-type=\"widget\" data-settings=\"{&quot;_animation&quot;:&quot;fadeInLeft&quot;}\" data-widget_type=\"testimonial.default\">\n\t\t\t\t<div class=\"elementor-widget-container\">\n\t\t\t\t\t\t\t<div class=\"elementor-testimonial-wrapper\">\n\t\t\t\t\t\t\t<div class=\"elementor-testimonial-content\">Ich berate und vertrete Sie in rechtlichen Fragen im Migrations- und Strafrecht.<\/div>\n\t\t\t\n\t\t\t\t\t<\/div>\n\t\t\t\t\t\t<\/div>\n\t\t\t\t<\/div>\n\t\t\t\t<\/div>\n\t\t\t\t<div class=\"elementor-element elementor-element-3fdbd9d elementor-widget elementor-widget-text-editor\" data-id=\"3fdbd9d\" data-element_type=\"widget\" data-e-type=\"widget\" data-widget_type=\"text-editor.default\">\n\t\t\t\t<div class=\"elementor-widget-container\">\n\t\t\t\t\t\t\t\t\t<p><b>Migrationsrecht<\/b><br \/>Ich berate Sie w\u00e4hrend des Asylverfahrens, von der Antragstellung, \u00fcber die Anh\u00f6rung und im Klageverfahren vor Gericht nach einer negativen Entscheidung.<\/p><p>Im Aufenthaltsrecht berate ich beispielsweise <span style=\"color: var( --e-global-color-text ); font-family: var( --e-global-typography-text-font-family ), Sans-serif; font-weight: var( --e-global-typography-text-font-weight ); text-align: var(--text-align); font-size: 1rem;\">in Bezug auf die Erteilung und Verl\u00e4ngerung von Aufenthaltstiteln, Beantragung einer Niederlassungserlaubnis, in Visaverfahren, Einb\u00fcrgerungsverfahren und zu vielen weiteren Themen.<\/span><\/p><p>Bitte beachten Sie, dass bei ablehnenden Bescheiden kurze Fristen f\u00fcr die Einlegung von Rechtsbehelfen zu laufen beginnen k\u00f6nnen.<\/p><p>Sollten Sie einen gelben Umschlag bekommen haben, bewahren Sie ihn bitte auf und teilen mir die Rechtsmittelfrist bereits bei der ersten Kontaktanfrage mit!<\/p><p><b>Strafrecht<\/b><\/p><p><i>Nebenklage:<\/i><\/p><p>Wenn Sie Opfer einer Gewalttat geworden sind, haben Sie das Recht auf anwaltliche Unterst\u00fctzung. Ich setze mich daf\u00fcr ein, dass Ihre Rechte im Strafverfahren gewahrt werden. Bitte z\u00f6gern Sie nicht, mich schon vor Erhebung der Nebenklage zu kontaktieren. Gemeinsam finden wir eine individuelle Strategie, um Ihre Rechte und Interessen bestm\u00f6glich durchzusetzen. Selbstverst\u00e4ndlich werden Ihre Informationen vertraulich behandelt.<\/p><p><i>Verteidigung:<\/i><\/p><p>Ich werde auch als Strafverteidigerin f\u00fcr Sie t\u00e4tig. Bereits im Ermittlungsverfahren berate ich Sie \u00fcber Ihre Rechte als Beschuldigte*r. Gegebenenfalls kann auf eine Einstellung hingewirkt werden. Bei einem Strafbefehl berate ich Sie gern zum weiteren Vorgehen. Auch wenn Sie einen Strafbefehl erhalten haben, berate ich Sie zum weiteren Vorgehen und vertrete Sie, wenn Sie Einspruch einlegen wollen. Auch als Angeklagte\/r vertrete ich Sie in der Hauptverhandlung. Nach einem Urteil berate ich Sie \u00fcber die Erfolgsaussichten des Rechtsmittels. Gern berate und unterst\u00fctze ich Sie auch w\u00e4hrend der Haftzeit. Scheuen Sie sich nicht, sich insbesondere auch bei strafrechtlichen Angelegenheiten mit Migrationsbezug (zB. Straftaten nach dem AufenthG) an mich zu wenden.<\/p>\t\t\t\t\t\t\t\t<\/div>\n\t\t\t\t<\/div>\n\t\t\t\t\t<\/div>\n\t\t\t\t<\/div>\n\t\t\t\t<\/div>\n\t\t","protected":false},"excerpt":{"rendered":"<p>Leistungen Ich berate und vertrete Sie in rechtlichen Fragen im Migrations- und Strafrecht. MigrationsrechtIch berate Sie w\u00e4hrend des Asylverfahrens, von der Antragstellung, \u00fcber die Anh\u00f6rung und im Klageverfahren vor Gericht nach einer negativen Entscheidung. Im Aufenthaltsrecht berate ich beispielsweise in Bezug auf die Erteilung und Verl\u00e4ngerung von Aufenthaltstiteln, Beantragung einer Niederlassungserlaubnis, in Visaverfahren, Einb\u00fcrgerungsverfahren und [&hellip;]<\/p>\n","protected":false},"author":1,"featured_media":0,"parent":0,"menu_order":0,"comment_status":"closed","ping_status":"closed","template":"","meta":{"footnotes":""},"class_list":["post-15","page","type-page","status-publish","hentry"],"_links":{"self":[{"href":"https:\/\/www.rechtsanwaeltin-annekaemmerer.de\/index.php\/wp-json\/wp\/v2\/pages\/15","targetHints":{"allow":["GET"]}}],"collection":[{"href":"https:\/\/www.rechtsanwaeltin-annekaemmerer.de\/index.php\/wp-json\/wp\/v2\/pages"}],"about":[{"href":"https:\/\/www.rechtsanwaeltin-annekaemmerer.de\/index.php\/wp-json\/wp\/v2\/types\/page"}],"author":[{"embeddable":true,"href":"https:\/\/www.rechtsanwaeltin-annekaemmerer.de\/index.php\/wp-json\/wp\/v2\/users\/1"}],"replies":[{"embeddable":true,"href":"https:\/\/www.rechtsanwaeltin-annekaemmerer.de\/index.php\/wp-json\/wp\/v2\/comments?post=15"}],"version-history":[{"count":13,"href":"https:\/\/www.rechtsanwaeltin-annekaemmerer.de\/index.php\/wp-json\/wp\/v2\/pages\/15\/revisions"}],"predecessor-version":[{"id":184,"href":"https:\/\/www.rechtsanwaeltin-annekaemmerer.de\/index.php\/wp-json\/wp\/v2\/pages\/15\/revisions\/184"}],"wp:attachment":[{"href":"https:\/\/www.rechtsanwaeltin-annekaemmerer.de\/index.php\/wp-json\/wp\/v2\/media?parent=15"}],"curies":[{"name":"wp","href":"https:\/\/api.w.org\/{rel}","templated":true}]}}