{"id":12,"date":"2025-02-05T10:07:47","date_gmt":"2025-02-05T09:07:47","guid":{"rendered":"https:\/\/www.rechtsanwaeltin-annekaemmerer.de\/?page_id=12"},"modified":"2025-03-26T12:59:06","modified_gmt":"2025-03-26T11:59:06","slug":"ueber-mich","status":"publish","type":"page","link":"https:\/\/www.rechtsanwaeltin-annekaemmerer.de\/index.php\/ueber-mich\/","title":{"rendered":"\u00dcber mich"},"content":{"rendered":"\t\t<div data-elementor-type=\"wp-page\" data-elementor-id=\"12\" class=\"elementor elementor-12\" data-elementor-post-type=\"page\">\n\t\t\t\t<div class=\"elementor-element elementor-element-791a141e e-flex e-con-boxed e-con e-parent\" data-id=\"791a141e\" data-element_type=\"container\" data-e-type=\"container\" data-settings=\"{&quot;background_background&quot;:&quot;gradient&quot;}\">\n\t\t\t\t\t<div class=\"e-con-inner\">\n\t\t<div class=\"elementor-element elementor-element-5eeb2d4f e-con-full e-flex e-con e-child\" data-id=\"5eeb2d4f\" data-element_type=\"container\" data-e-type=\"container\">\n\t\t\t\t<div class=\"elementor-element elementor-element-44638c8d elementor-widget elementor-widget-icon-box\" data-id=\"44638c8d\" data-element_type=\"widget\" data-e-type=\"widget\" data-widget_type=\"icon-box.default\">\n\t\t\t\t<div class=\"elementor-widget-container\">\n\t\t\t\t\t\t\t<div class=\"elementor-icon-box-wrapper\">\n\n\t\t\t\n\t\t\t\t\t\t<div class=\"elementor-icon-box-content\">\n\n\t\t\t\t\n\t\t\t\t\t\t\t\t\t<p class=\"elementor-icon-box-description\">\n\t\t\t\t\t\t\u00dcber mich\t\t\t\t\t<\/p>\n\t\t\t\t\n\t\t\t<\/div>\n\t\t\t\n\t\t<\/div>\n\t\t\t\t\t\t<\/div>\n\t\t\t\t<\/div>\n\t\t\t\t<div class=\"elementor-element elementor-element-6e31ffba elementor-invisible elementor-widget elementor-widget-testimonial\" data-id=\"6e31ffba\" data-element_type=\"widget\" data-e-type=\"widget\" data-settings=\"{&quot;_animation&quot;:&quot;fadeInLeft&quot;}\" data-widget_type=\"testimonial.default\">\n\t\t\t\t<div class=\"elementor-widget-container\">\n\t\t\t\t\t\t\t<div class=\"elementor-testimonial-wrapper\">\n\t\t\t\t\t\t\t<div class=\"elementor-testimonial-content\">Ich bin Rechtsanw\u00e4ltin im Bereich Strafrecht und Migrationsrecht.<\/div>\n\t\t\t\n\t\t\t\t\t<\/div>\n\t\t\t\t\t\t<\/div>\n\t\t\t\t<\/div>\n\t\t\t\t<\/div>\n\t\t\t\t<div class=\"elementor-element elementor-element-930d5cb elementor-widget elementor-widget-text-editor\" data-id=\"930d5cb\" data-element_type=\"widget\" data-e-type=\"widget\" data-widget_type=\"text-editor.default\">\n\t\t\t\t<div class=\"elementor-widget-container\">\n\t\t\t\t\t\t\t\t\t<p><b>Wissenwertes:<\/b><\/p><ul><li value=\"0\"><p>2022 Erstes Staatsexamen nach dem Studium der Rechtswissenschaften an der Universit\u00e4t Leipzig<\/p><\/li><li><p>2024 Zweites Staatsexamen nach dem Referendariat am Landgericht Dresden<\/p><\/li><li><p>2024\/2025 Fachanw\u00e4lt*innenkurs Migrationsrecht beim Republikanischen Anw\u00e4ltinnen- und Anw\u00e4lteverein e.V. (RAV)<\/p><\/li><li><p>Seit April 2025 als Anw\u00e4ltin zugelassen<\/p><\/li><\/ul><p>Ich bin Mitglied beim <a href=\"https:\/\/www.rav.de\/start\" target=\"_blank\" rel=\"noopener\">Republikanischen Anw\u00e4ltinnen- und Anw\u00e4lteverein e.V.<\/a> (RAV)<\/p>\t\t\t\t\t\t\t\t<\/div>\n\t\t\t\t<\/div>\n\t\t\t\t\t<\/div>\n\t\t\t\t<\/div>\n\t\t\t\t<\/div>\n\t\t","protected":false},"excerpt":{"rendered":"<p>\u00dcber mich Ich bin Rechtsanw\u00e4ltin im Bereich Strafrecht und Migrationsrecht. Wissenwertes: 2022 Erstes Staatsexamen nach dem Studium der Rechtswissenschaften an der Universit\u00e4t Leipzig 2024 Zweites Staatsexamen nach dem Referendariat am Landgericht Dresden 2024\/2025 Fachanw\u00e4lt*innenkurs Migrationsrecht beim Republikanischen Anw\u00e4ltinnen- und Anw\u00e4lteverein e.V. (RAV) Seit April 2025 als Anw\u00e4ltin zugelassen Ich bin Mitglied beim Republikanischen Anw\u00e4ltinnen- und [&hellip;]<\/p>\n","protected":false},"author":1,"featured_media":0,"parent":0,"menu_order":0,"comment_status":"closed","ping_status":"closed","template":"","meta":{"footnotes":""},"class_list":["post-12","page","type-page","status-publish","hentry"],"_links":{"self":[{"href":"https:\/\/www.rechtsanwaeltin-annekaemmerer.de\/index.php\/wp-json\/wp\/v2\/pages\/12","targetHints":{"allow":["GET"]}}],"collection":[{"href":"https:\/\/www.rechtsanwaeltin-annekaemmerer.de\/index.php\/wp-json\/wp\/v2\/pages"}],"about":[{"href":"https:\/\/www.rechtsanwaeltin-annekaemmerer.de\/index.php\/wp-json\/wp\/v2\/types\/page"}],"author":[{"embeddable":true,"href":"https:\/\/www.rechtsanwaeltin-annekaemmerer.de\/index.php\/wp-json\/wp\/v2\/users\/1"}],"replies":[{"embeddable":true,"href":"https:\/\/www.rechtsanwaeltin-annekaemmerer.de\/index.php\/wp-json\/wp\/v2\/comments?post=12"}],"version-history":[{"count":16,"href":"https:\/\/www.rechtsanwaeltin-annekaemmerer.de\/index.php\/wp-json\/wp\/v2\/pages\/12\/revisions"}],"predecessor-version":[{"id":129,"href":"https:\/\/www.rechtsanwaeltin-annekaemmerer.de\/index.php\/wp-json\/wp\/v2\/pages\/12\/revisions\/129"}],"wp:attachment":[{"href":"https:\/\/www.rechtsanwaeltin-annekaemmerer.de\/index.php\/wp-json\/wp\/v2\/media?parent=12"}],"curies":[{"name":"wp","href":"https:\/\/api.w.org\/{rel}","templated":true}]}}