{"id":111,"date":"2025-03-26T12:41:27","date_gmt":"2025-03-26T11:41:27","guid":{"rendered":"https:\/\/www.rechtsanwaeltin-annekaemmerer.de\/?page_id=111"},"modified":"2025-10-22T19:05:23","modified_gmt":"2025-10-22T17:05:23","slug":"kosten","status":"publish","type":"page","link":"https:\/\/www.rechtsanwaeltin-annekaemmerer.de\/index.php\/kosten\/","title":{"rendered":"Kosten"},"content":{"rendered":"\t\t<div data-elementor-type=\"wp-page\" data-elementor-id=\"111\" class=\"elementor elementor-111\" data-elementor-post-type=\"page\">\n\t\t\t\t<div class=\"elementor-element elementor-element-34a645e6 e-flex e-con-boxed e-con e-parent\" data-id=\"34a645e6\" data-element_type=\"container\" data-e-type=\"container\" data-settings=\"{&quot;background_background&quot;:&quot;gradient&quot;}\">\n\t\t\t\t\t<div class=\"e-con-inner\">\n\t\t<div class=\"elementor-element elementor-element-4dbd10a3 e-con-full e-flex e-con e-child\" data-id=\"4dbd10a3\" data-element_type=\"container\" data-e-type=\"container\">\n\t\t\t\t<div class=\"elementor-element elementor-element-3a179fb3 elementor-widget elementor-widget-icon-box\" data-id=\"3a179fb3\" data-element_type=\"widget\" data-e-type=\"widget\" data-widget_type=\"icon-box.default\">\n\t\t\t\t<div class=\"elementor-widget-container\">\n\t\t\t\t\t\t\t<div class=\"elementor-icon-box-wrapper\">\n\n\t\t\t\n\t\t\t\t\t\t<div class=\"elementor-icon-box-content\">\n\n\t\t\t\t\n\t\t\t\t\t\t\t\t\t<p class=\"elementor-icon-box-description\">\n\t\t\t\t\t\tKosten\t\t\t\t\t<\/p>\n\t\t\t\t\n\t\t\t<\/div>\n\t\t\t\n\t\t<\/div>\n\t\t\t\t\t\t<\/div>\n\t\t\t\t<\/div>\n\t\t\t\t<\/div>\n\t\t\t\t<div class=\"elementor-element elementor-element-168ef351 elementor-widget elementor-widget-text-editor\" data-id=\"168ef351\" data-element_type=\"widget\" data-e-type=\"widget\" data-widget_type=\"text-editor.default\">\n\t\t\t\t<div class=\"elementor-widget-container\">\n\t\t\t\t\t\t\t\t\t<p>Die Geb\u00fchren f\u00fcr anwaltliche Beratung und Vertretung variieren von Fall zu Fall, weshalb ich Ihnen an dieser Stelle keine festen Preise nennen kann. Bei einer ersten Kontaktaufnahme teile ich Ihnen jedoch gerne mit, welche Kosten anfallen und welche weiteren Ausgaben Sie m\u00f6glicherweise erwarten k\u00f6nnen. Auch Fragen zu Vorsch\u00fcssen oder Zahlungsmodalit\u00e4ten beantworte ich Ihnen gerne in einer <u><a href=\"https:\/\/www.rechtsanwaeltin-annekaemmerer.de\/index.php\/kontakt\/\">pers\u00f6nlichen Kontaktaufnahme<\/a>.<\/u><\/p><p>Nach Ihrer Kontaktaufnahme erfolgt in der Regel eine erste Beratung. Die Kosten dieser Erstberatung h\u00e4ngen vom jeweiligen Fall ab. Die gesetzliche Obergrenze f\u00fcr eine Beratung von Verbraucher*innen betr\u00e4gt 190 \u20ac zzgl. Mehrwertsteuer.<\/p><p>Wenn Sie \u00fcber die Erstberatung hinaus eine Vertretung ben\u00f6tigen, fallen zus\u00e4tzliche Kosten an. Diese werden, sofern nichts anderes vereinbart ist, nach dem Rechtsanwaltsverg\u00fctungsgesetz abgerechnet.<\/p><p><b>Beratungs- und Prozesskostenhilfe<\/b><\/p><p>Sollten Sie ein geringes Einkommen haben, besteht unter Umst\u00e4nden die M\u00f6glichkeit, Beratungshilfe bewilligt zu bekommen. Beachten Sie bitte, dass ein gerichtliches Verfahren zu diesem Zeitpunkt noch nicht begonnen haben darf. Bei Bewilligung der Beratungshilfe zahlen Sie lediglich 15 \u20ac f\u00fcr die Erstberatung. Den Antrag auf <a href=\"https:\/\/www.justiz.sachsen.de\/agc\/download\/Antrag_Beratungshilfe.pdf\" target=\"_blank\" rel=\"noopener\">Beratungshilfe<\/a>\u00a0sollten Sie beim Amtsgericht Ihres Wohnortes stellen. Weitere Informationen zum Ausf\u00fcllen des Antrags finden Sie <u><a href=\"https:\/\/www.justiz.sachsen.de\/agc\/download\/Hinweisblatt.pdf\" target=\"_blank\" rel=\"noopener\">hier<\/a><\/u> \u00a0sowie ein weiteres Informationsblatt des Amtsgerichts Leipzig <u><a href=\"https:\/\/www.justiz.sachsen.de\/agl\/download\/Informationsblatt_Beratungshilfe.pdf&amp;ved=2ahUKEwjroJ6a77iLAxXk8QIHHXlQBJkQFnoECBIQAQ&amp;usg=AOvVaw2dGGCRvu-E71xZNm9PJC1H)\" target=\"_blank\" rel=\"noopener\">hier.<\/a><\/u><\/p><p><span style=\"color: var( --e-global-color-text ); font-family: var( --e-global-typography-text-font-family ), Sans-serif; font-weight: var( --e-global-typography-text-font-weight ); text-align: var(--text-align); font-size: 1rem;\">Prozess- oder Verfahrenskostenhilfe gibt es in zivil- und verwaltungsrechtlichen Verfahren, wenn die Sache Aussicht auf Erfolg hat und ein geringes Einkommen nachgewiesen wird. Auch Verletzte von Straftaten k\u00f6nnen unter bestimmten Umst\u00e4nden als Nebenkl\u00e4ger*innen oder Adh\u00e4sionsantragsteller*innen Prozesskostenhilfe erhalten. Bei Bewilligung kann das Gericht bis zu vier Jahre lang pr\u00fcfen, ob sich Ihre pers\u00f6nlichen und wirtschaftlichen Verh\u00e4ltnisse ge\u00e4ndert haben, und gegebenenfalls die Kosten zur\u00fcckfordern. Weitere Informationen zur Prozesskostenhilfe finden Sie <\/span><u style=\"color: var( --e-global-color-text ); font-family: var( --e-global-typography-text-font-family ), Sans-serif; font-weight: var( --e-global-typography-text-font-weight ); text-align: var(--text-align); font-size: 1rem;\"><a href=\"https:\/\/www.justiz.sachsen.de\/aghot\/prozesskostenhilfe-verfahrenskostenhilfe-4007.html\" target=\"_blank\" rel=\"noopener\">hier<\/a>.<\/u><span style=\"color: var( --e-global-color-text ); font-family: var( --e-global-typography-text-font-family ), Sans-serif; font-weight: var( --e-global-typography-text-font-weight ); text-align: var(--text-align); font-size: 1rem;\">\u00a0<\/span><\/p><p><b>Rechtsschutzversicherung<\/b><\/p><p>Falls Sie eine Rechtsschutzversicherung haben, pr\u00fcfen Sie bitte Ihre Versicherungspolice, um herauszufinden, inwieweit diese die Kosten \u00fcbernimmt. Bei der \u00dcbernahme eines Mandats kann ich die Deckungsanfrage auch direkt bei Ihrer Versicherung stellen.<\/p><p>Weitere Informationen zur Verg\u00fctung von Anw\u00e4lt*innen finden Sie auf der <a href=\"https:\/\/www.brak.de\/service\/verbraucherinformationen\/\" target=\"_blank\" rel=\"noopener\"><u>Seite der Bundesrechtsanwaltskammer<\/u><\/a>.\u00a0<\/p>\t\t\t\t\t\t\t\t<\/div>\n\t\t\t\t<\/div>\n\t\t\t\t\t<\/div>\n\t\t\t\t<\/div>\n\t\t\t\t<\/div>\n\t\t","protected":false},"excerpt":{"rendered":"<p>Kosten Die Geb\u00fchren f\u00fcr anwaltliche Beratung und Vertretung variieren von Fall zu Fall, weshalb ich Ihnen an dieser Stelle keine festen Preise nennen kann. Bei einer ersten Kontaktaufnahme teile ich Ihnen jedoch gerne mit, welche Kosten anfallen und welche weiteren Ausgaben Sie m\u00f6glicherweise erwarten k\u00f6nnen. Auch Fragen zu Vorsch\u00fcssen oder Zahlungsmodalit\u00e4ten beantworte ich Ihnen gerne [&hellip;]<\/p>\n","protected":false},"author":1,"featured_media":0,"parent":0,"menu_order":0,"comment_status":"closed","ping_status":"closed","template":"","meta":{"footnotes":""},"class_list":["post-111","page","type-page","status-publish","hentry"],"_links":{"self":[{"href":"https:\/\/www.rechtsanwaeltin-annekaemmerer.de\/index.php\/wp-json\/wp\/v2\/pages\/111","targetHints":{"allow":["GET"]}}],"collection":[{"href":"https:\/\/www.rechtsanwaeltin-annekaemmerer.de\/index.php\/wp-json\/wp\/v2\/pages"}],"about":[{"href":"https:\/\/www.rechtsanwaeltin-annekaemmerer.de\/index.php\/wp-json\/wp\/v2\/types\/page"}],"author":[{"embeddable":true,"href":"https:\/\/www.rechtsanwaeltin-annekaemmerer.de\/index.php\/wp-json\/wp\/v2\/users\/1"}],"replies":[{"embeddable":true,"href":"https:\/\/www.rechtsanwaeltin-annekaemmerer.de\/index.php\/wp-json\/wp\/v2\/comments?post=111"}],"version-history":[{"count":7,"href":"https:\/\/www.rechtsanwaeltin-annekaemmerer.de\/index.php\/wp-json\/wp\/v2\/pages\/111\/revisions"}],"predecessor-version":[{"id":187,"href":"https:\/\/www.rechtsanwaeltin-annekaemmerer.de\/index.php\/wp-json\/wp\/v2\/pages\/111\/revisions\/187"}],"wp:attachment":[{"href":"https:\/\/www.rechtsanwaeltin-annekaemmerer.de\/index.php\/wp-json\/wp\/v2\/media?parent=111"}],"curies":[{"name":"wp","href":"https:\/\/api.w.org\/{rel}","templated":true}]}}